{"id":1920,"date":"2026-05-08T05:46:26","date_gmt":"2026-05-08T05:46:26","guid":{"rendered":"http:\/\/54.92.204.136\/?page_id=1920"},"modified":"2026-05-08T18:36:36","modified_gmt":"2026-05-08T18:36:36","slug":"empresas-talentotechjr","status":"publish","type":"page","link":"https:\/\/mail.disruptia.co\/en\/empresas-talentotechjr\/","title":{"rendered":"Landing_Empresas_TalentoTEch Junior"},"content":{"rendered":"\t\t<div data-elementor-type=\"wp-page\" data-elementor-id=\"1920\" class=\"elementor elementor-1920\" data-elementor-post-type=\"page\">\n\t\t\t\t\t\t<section class=\"elementor-section elementor-top-section elementor-element elementor-element-e41bcf5 elementor-reverse-mobile elementor-reverse-tablet elementor-section-boxed elementor-section-height-default elementor-section-height-default\" data-id=\"e41bcf5\" data-element_type=\"section\">\n\t\t\t\t\t\t<div class=\"elementor-container elementor-column-gap-no\">\n\t\t\t\t\t<div class=\"aux-parallax-section elementor-column elementor-col-100 elementor-top-column elementor-element elementor-element-1147805\" data-id=\"1147805\" data-element_type=\"column\">\n\t\t\t<div class=\"elementor-widget-wrap elementor-element-populated\">\n\t\t\t\t\t\t<div class=\"elementor-element elementor-element-86c48db elementor-widget elementor-widget-image\" data-id=\"86c48db\" data-element_type=\"widget\" data-widget_type=\"image.default\">\n\t\t\t\t<div class=\"elementor-widget-container\">\n\t\t\t\t\t\t\t\t\t\t\t\t\t<img fetchpriority=\"high\" decoding=\"async\" width=\"1584\" height=\"396\" src=\"https:\/\/mail.disruptia.co\/wp-content\/uploads\/2026\/05\/Banner-talento-teh-junior-Disruptia.png\" class=\"attachment-2048x2048 size-2048x2048 wp-image-1921\" alt=\"\" srcset=\"https:\/\/mail.disruptia.co\/wp-content\/uploads\/2026\/05\/Banner-talento-teh-junior-Disruptia.png 1584w, https:\/\/mail.disruptia.co\/wp-content\/uploads\/2026\/05\/Banner-talento-teh-junior-Disruptia-1536x384.png 1536w, https:\/\/mail.disruptia.co\/wp-content\/uploads\/2026\/05\/Banner-talento-teh-junior-Disruptia-18x5.png 18w, https:\/\/mail.disruptia.co\/wp-content\/uploads\/2026\/05\/Banner-talento-teh-junior-Disruptia-200x50.png 200w, https:\/\/mail.disruptia.co\/wp-content\/uploads\/2026\/05\/Banner-talento-teh-junior-Disruptia-600x150.png 600w\" sizes=\"(max-width: 1584px) 100vw, 1584px\" \/>\t\t\t\t\t\t\t\t\t\t\t\t\t<\/div>\n\t\t\t\t<\/div>\n\t\t\t\t\t<\/div>\n\t\t<\/div>\n\t\t\t\t\t<\/div>\n\t\t<\/section>\n\t\t<div class=\"elementor-element elementor-element-99681ac e-flex e-con-boxed e-con e-parent\" data-id=\"99681ac\" data-element_type=\"container\">\n\t\t\t\t\t<div class=\"e-con-inner\">\n\t\t<div class=\"elementor-element elementor-element-3e1af57 e-con-full e-flex e-con e-child\" data-id=\"3e1af57\" data-element_type=\"container\">\n\t\t\t\t<div class=\"elementor-element elementor-element-96db1ea elementor-widget elementor-widget-image\" data-id=\"96db1ea\" data-element_type=\"widget\" data-widget_type=\"image.default\">\n\t\t\t\t<div class=\"elementor-widget-container\">\n\t\t\t\t\t\t\t\t\t\t\t\t\t<img decoding=\"async\" width=\"1024\" height=\"1024\" src=\"https:\/\/mail.disruptia.co\/wp-content\/uploads\/2026\/05\/Disruptia-Empresas-Talento-Tech-1-1024x1024.png\" class=\"attachment-large size-large wp-image-1922\" alt=\"\" srcset=\"https:\/\/mail.disruptia.co\/wp-content\/uploads\/2026\/05\/Disruptia-Empresas-Talento-Tech-1-1024x1024.png 1024w, https:\/\/mail.disruptia.co\/wp-content\/uploads\/2026\/05\/Disruptia-Empresas-Talento-Tech-1-300x300.png 300w, https:\/\/mail.disruptia.co\/wp-content\/uploads\/2026\/05\/Disruptia-Empresas-Talento-Tech-1-150x150.png 150w, https:\/\/mail.disruptia.co\/wp-content\/uploads\/2026\/05\/Disruptia-Empresas-Talento-Tech-1-768x768.png 768w, https:\/\/mail.disruptia.co\/wp-content\/uploads\/2026\/05\/Disruptia-Empresas-Talento-Tech-1-100x100.png 100w\" sizes=\"(max-width: 1024px) 100vw, 1024px\" \/>\t\t\t\t\t\t\t\t\t\t\t\t\t<\/div>\n\t\t\t\t<\/div>\n\t\t\t\t<\/div>\n\t\t<div class=\"elementor-element elementor-element-611acb7 e-con-full e-flex e-con e-child\" data-id=\"611acb7\" data-element_type=\"container\">\n\t\t<div class=\"elementor-element elementor-element-8f802da e-con-full e-flex e-con e-child\" data-id=\"8f802da\" data-element_type=\"container\">\n\t\t\t\t<div class=\"elementor-element elementor-element-d17f287 elementor-widget elementor-widget-heading\" data-id=\"d17f287\" data-element_type=\"widget\" data-widget_type=\"heading.default\">\n\t\t\t\t<div class=\"elementor-widget-container\">\n\t\t\t<h2 class=\"elementor-heading-title elementor-size-default\">\u00bfRecuerdas qui\u00e9n te dio tu primera oportunidad laboral?<\/h2>\t\t<\/div>\n\t\t\t\t<\/div>\n\t\t\t\t<\/div>\n\t\t<div class=\"elementor-element elementor-element-63aba15 e-con-full e-flex e-con e-child\" data-id=\"63aba15\" data-element_type=\"container\">\n\t\t\t\t<div class=\"elementor-element elementor-element-81bf11b elementor-widget elementor-widget-text-editor\" data-id=\"81bf11b\" data-element_type=\"widget\" data-widget_type=\"text-editor.default\">\n\t\t\t\t<div class=\"elementor-widget-container\">\n\t\t\t\t\t\t\t<p>Hoy t\u00fa puedes ser ese motor de cambio para el talento tech latino. Conecta con personas profesionales junior expertas en IA, desarrollo y marketing digital listas para trabajar de forma remota.<\/p><p>\u00a0<\/p><p>\u00a0<\/p>\t\t\t\t\t\t<\/div>\n\t\t\t\t<\/div>\n\t\t\t\t<\/div>\n\t\t\t\t<\/div>\n\t\t\t\t\t<\/div>\n\t\t\t\t<\/div>\n\t\t<div class=\"elementor-element elementor-element-d75d951 e-flex e-con-boxed e-con e-parent\" data-id=\"d75d951\" data-element_type=\"container\">\n\t\t\t\t\t<div class=\"e-con-inner\">\n\t\t\t\t<div class=\"elementor-element elementor-element-c58328f elementor-widget elementor-widget-image\" data-id=\"c58328f\" data-element_type=\"widget\" data-widget_type=\"image.default\">\n\t\t\t\t<div class=\"elementor-widget-container\">\n\t\t\t\t\t\t\t\t\t\t\t\t\t<img decoding=\"async\" width=\"1536\" height=\"864\" src=\"https:\/\/mail.disruptia.co\/wp-content\/uploads\/2026\/05\/2-3-1-1536x864.png\" class=\"attachment-1536x1536 size-1536x1536 wp-image-1935\" alt=\"\" srcset=\"https:\/\/mail.disruptia.co\/wp-content\/uploads\/2026\/05\/2-3-1-1536x864.png 1536w, https:\/\/mail.disruptia.co\/wp-content\/uploads\/2026\/05\/2-3-1-18x10.png 18w, https:\/\/mail.disruptia.co\/wp-content\/uploads\/2026\/05\/2-3-1-200x113.png 200w, https:\/\/mail.disruptia.co\/wp-content\/uploads\/2026\/05\/2-3-1-600x338.png 600w, https:\/\/mail.disruptia.co\/wp-content\/uploads\/2026\/05\/2-3-1.png 1920w\" sizes=\"(max-width: 1536px) 100vw, 1536px\" \/>\t\t\t\t\t\t\t\t\t\t\t\t\t<\/div>\n\t\t\t\t<\/div>\n\t\t\t\t\t<\/div>\n\t\t\t\t<\/div>\n\t\t<div class=\"elementor-element elementor-element-bf309d1 e-flex e-con-boxed e-con e-parent\" data-id=\"bf309d1\" data-element_type=\"container\">\n\t\t\t\t\t<div class=\"e-con-inner\">\n\t\t\t\t<div class=\"elementor-element elementor-element-00001b6 elementor-widget elementor-widget-image\" data-id=\"00001b6\" data-element_type=\"widget\" data-widget_type=\"image.default\">\n\t\t\t\t<div class=\"elementor-widget-container\">\n\t\t\t\t\t\t\t\t\t\t\t\t\t<img loading=\"lazy\" decoding=\"async\" width=\"1536\" height=\"864\" src=\"https:\/\/mail.disruptia.co\/wp-content\/uploads\/2026\/05\/3-2-1536x864.png\" class=\"attachment-1536x1536 size-1536x1536 wp-image-1937\" alt=\"\" srcset=\"https:\/\/mail.disruptia.co\/wp-content\/uploads\/2026\/05\/3-2-1536x864.png 1536w, https:\/\/mail.disruptia.co\/wp-content\/uploads\/2026\/05\/3-2-2048x1152.png 2048w, https:\/\/mail.disruptia.co\/wp-content\/uploads\/2026\/05\/3-2-18x10.png 18w, https:\/\/mail.disruptia.co\/wp-content\/uploads\/2026\/05\/3-2-200x113.png 200w, https:\/\/mail.disruptia.co\/wp-content\/uploads\/2026\/05\/3-2-600x338.png 600w\" sizes=\"(max-width: 1536px) 100vw, 1536px\" \/>\t\t\t\t\t\t\t\t\t\t\t\t\t<\/div>\n\t\t\t\t<\/div>\n\t\t\t\t\t<\/div>\n\t\t\t\t<\/div>\n\t\t<div class=\"elementor-element elementor-element-31533f9 e-flex e-con-boxed e-con e-parent\" data-id=\"31533f9\" data-element_type=\"container\">\n\t\t\t\t\t<div class=\"e-con-inner\">\n\t\t\t\t<div class=\"elementor-element elementor-element-62928eb elementor-widget elementor-widget-image\" data-id=\"62928eb\" data-element_type=\"widget\" data-widget_type=\"image.default\">\n\t\t\t\t<div class=\"elementor-widget-container\">\n\t\t\t\t\t\t\t\t\t\t\t\t\t<img loading=\"lazy\" decoding=\"async\" width=\"1536\" height=\"864\" src=\"https:\/\/mail.disruptia.co\/wp-content\/uploads\/2026\/05\/2-4-1536x864.png\" class=\"attachment-1536x1536 size-1536x1536 wp-image-1938\" alt=\"\" srcset=\"https:\/\/mail.disruptia.co\/wp-content\/uploads\/2026\/05\/2-4-1536x864.png 1536w, https:\/\/mail.disruptia.co\/wp-content\/uploads\/2026\/05\/2-4-2048x1152.png 2048w, https:\/\/mail.disruptia.co\/wp-content\/uploads\/2026\/05\/2-4-18x10.png 18w, https:\/\/mail.disruptia.co\/wp-content\/uploads\/2026\/05\/2-4-200x113.png 200w, https:\/\/mail.disruptia.co\/wp-content\/uploads\/2026\/05\/2-4-600x338.png 600w\" sizes=\"(max-width: 1536px) 100vw, 1536px\" \/>\t\t\t\t\t\t\t\t\t\t\t\t\t<\/div>\n\t\t\t\t<\/div>\n\t\t\t\t\t<\/div>\n\t\t\t\t<\/div>\n\t\t<div class=\"elementor-element elementor-element-b58e7a2 e-flex e-con-boxed e-con e-parent\" data-id=\"b58e7a2\" data-element_type=\"container\">\n\t\t\t\t\t<div class=\"e-con-inner\">\n\t\t\t\t<div class=\"elementor-element elementor-element-fa49aed elementor-widget elementor-widget-heading\" data-id=\"fa49aed\" data-element_type=\"widget\" data-widget_type=\"heading.default\">\n\t\t\t\t<div class=\"elementor-widget-container\">\n\t\t\t<h2 class=\"elementor-heading-title elementor-size-default\">\u00bfQuieres contratar talento Tech junior?<\/h2>\t\t<\/div>\n\t\t\t\t<\/div>\n\t\t\t\t\t<\/div>\n\t\t\t\t<\/div>\n\t\t<div class=\"elementor-element elementor-element-41c1f73 e-flex e-con-boxed e-con e-parent\" data-id=\"41c1f73\" data-element_type=\"container\">\n\t\t\t\t\t<div class=\"e-con-inner\">\n\t\t\t\t<div class=\"elementor-element elementor-element-28aedf2 elementor-widget elementor-widget-heading\" data-id=\"28aedf2\" data-element_type=\"widget\" data-widget_type=\"heading.default\">\n\t\t\t\t<div class=\"elementor-widget-container\">\n\t\t\t<h2 class=\"elementor-heading-title elementor-size-default\">Comparte tu reto con nosotros<\/h2>\t\t<\/div>\n\t\t\t\t<\/div>\n\t\t\t\t\t<\/div>\n\t\t\t\t<\/div>\n\t\t<div class=\"elementor-element elementor-element-6586be1 e-flex e-con-boxed e-con e-parent\" data-id=\"6586be1\" data-element_type=\"container\">\n\t\t\t\t\t<div class=\"e-con-inner\">\n\t\t\t\t<div class=\"elementor-element elementor-element-f96e856 elementor-widget elementor-widget-text-editor\" data-id=\"f96e856\" data-element_type=\"widget\" id=\"formcapacidad\" data-widget_type=\"text-editor.default\">\n\t\t\t\t<div class=\"elementor-widget-container\">\n\t\t\t\t\t\t\t<p><span style=\"font-weight: 400;\">D\u00e9janos tus datos y cu\u00e9ntanos qu\u00e9 desaf\u00edos est\u00e1s enfrentando.\u00a0<\/span><\/p><p><span style=\"font-weight: 400;\">\u2705 <\/span><i><span style=\"font-weight: 400;\">Nos pondremos en contacto contigo en m\u00e1ximo 48 horas.<\/span><\/i><\/p>\t\t\t\t\t\t<\/div>\n\t\t\t\t<\/div>\n\t\t\t\t\t<\/div>\n\t\t\t\t<\/div>\n\t\t<div class=\"elementor-element elementor-element-f18a24a e-flex e-con-boxed e-con e-parent\" data-id=\"f18a24a\" data-element_type=\"container\">\n\t\t\t\t\t<div class=\"e-con-inner\">\n\t\t\t\t<div class=\"elementor-element elementor-element-565ea5f elementor-widget elementor-widget-html\" data-id=\"565ea5f\" data-element_type=\"widget\" data-widget_type=\"html.default\">\n\t\t\t\t<div class=\"elementor-widget-container\">\n\t\t\t<link href=\"https:\/\/fonts.googleapis.com\/css2?family=Montserrat:wght@400;700&display=swap\" rel=\"stylesheet\">\n\n<style type='text\/css'>\n    #BiginWebToRecordFormParent6429450000001299010 {\n        padding: 40px 15px !important;\n        display: flex !important;\n        justify-content: center !important;\n        background-color: transparent !important;\n    }\n\n    .wf-wrapper {\n        width: 100% !important;\n        max-width: 550px !important;\n        background-color: #524ed6 !important;\n        border-radius: 45px !important;\n        padding: 50px 40px !important;\n        color: #ffffff !important;\n        box-shadow: 0px 15px 35px rgba(0,0,0,0.2) !important;\n        font-family: 'Montserrat', sans-serif !important;\n    }\n\n    .wf-header {\n        font-size: 50px !important;\n        font-weight: 700 !important;\n        margin-bottom: 10px !important;\n        line-height: 1.1 !important;\n    }\n\n    .wf-sec-desc {\n        font-size: 17px !important;\n        margin-bottom: 35px !important;\n        opacity: 0.9 !important;\n    }\n\n    .wf-label {\n        font-size: 14px !important;\n        margin-bottom: 8px !important;\n        display: block !important;\n    }\n\n    .wf-field-input {\n        width: 100% !important;\n        background-color: #ffffff !important;\n        border: none !important;\n        border-radius: 30px !important;\n        padding: 15px 25px !important;\n        font-size: 16px !important;\n        color: #333 !important;\n        margin-bottom: 5px !important;\n        font-family: 'Montserrat', sans-serif !important;\n    }\n\n    textarea.wf-field-input {\n        border-radius: 25px !important;\n        min-height: 120px !important;\n    }\n\n    #formsubmit {\n        background-color: #f3cf46 !important;\n        color: #000000 !important;\n        border: none !important;\n        padding: 15px 45px !important;\n        border-radius: 15px !important;\n        font-weight: 700 !important;\n        cursor: pointer !important;\n        margin-top: 20px !important;\n        font-family: 'Montserrat', sans-serif !important;\n    }\n\n    .wf-field-error { color: #ffb4b4; font-size: 12px; margin-top: 4px; }\n\n    @media screen and (max-width: 480px) {\n        .wf-header { font-size: 32px !important; }\n    }\n<\/style>\n\n<div class='wf-parent' id='BiginWebToRecordFormParent6429450000001299010'>\n    <div class='wf-wrapper' id='BiginWebToRecordFormDiv6429450000001299010'>\n        <iframe id='hidden6429450000001299010Frame' name='hidden6429450000001299010Frame' style='display: none;'><\/iframe>\n\n        <form id='BiginWebToRecordForm6429450000001299010' name='BiginWebToRecordForm6429450000001299010' method='POST' enctype='multipart\/form-data' target='hidden6429450000001299010Frame' onSubmit='javascript:document.charset=\"UTF-8\"; return validateForm6429450000001299010()' accept-charset='UTF-8'>\n            \n            <input type='text' style='display:none;' name='xnQsjsdp' value='8593a1a62150d5c65ea10795df0a77c3e1a060c8683d627c30f78d173bd1ee4d'\/>\n            <input type='hidden' name='zc_gad' id='zc_gad' value=''\/>\n            <input type='text' style='display:none;' name='xmIwtLD' value='c4206209fc409af1bcd982b6b5589efa19e6a482d5374b9159ee47845b29927c8fa05bf231ab887173ff2f908d5f3d45'\/>\n            <input type='text' style='display:none;' name='actionType' value='UG90ZW50aWFscw=='\/>\n            <input type='hidden' name='rmsg' id='rmsg' value='true'\/>\n            <input type='text' style='display:none;' name='returnURL' value='null' \/>\n\n            <div class='wf-header'>Cont\u00e1ctanos<\/div>\n            <p class='wf-sec-desc'><\/p>\n\n            <div class='wf-row'>\n                <div class='wf-label'>Nombre de la Empresa<\/div>\n                <div class='wf-field'><input name='Potential Name' type='text' class='wf-field-input' oninput='removeError(this)'\/><\/div>\n            <\/div>\n            <div class='wf-row'>\n                <div class='wf-label'>Nombre<\/div>\n                <div class='wf-field'><input name='Contacts.First Name' type='text' class='wf-field-input' oninput='removeError(this)'\/><\/div>\n            <\/div>\n            <div class='wf-row'>\n                <div class='wf-label'>Apellidos<\/div>\n                <div class='wf-field'><input name='Contacts.Last Name' type='text' class='wf-field-input' oninput='removeError(this)'\/><\/div>\n            <\/div>\n            <div class='wf-row'>\n                <div class='wf-label'>Tel\u00e9fono de contacto<\/div>\n                <div class='wf-field'><input fvalidate='true' ftype='mobile' name='Contacts.Phone' type='text' class='wf-field-input' oninput='removeError(this)'\/><\/div>\n            <\/div>\n            <div class='wf-row'>\n                <div class='wf-label'>Correo electr\u00f3nico<\/div>\n                <div class='wf-field'><input fvalidate='true' ftype='email' name='Contacts.Email' type='text' class='wf-field-input' oninput='removeError(this)'\/><\/div>\n            <\/div>\n            <div class='wf-row'>\n                <div class='wf-label'>Describe el reto...<\/div>\n                <div class='wf-field'><textarea name='Description' class='wf-field-input' oninput='removeError(this)'><\/textarea><\/div>\n            <\/div>\n\n            <select name='Pipeline' style='display:none;'><option selected value='Sales Pipeline Est\u00e1ndar'><\/option><\/select>\n            <select name='Stage' style='display:none;'><option selected value='Clasificaci\u00f3n'><\/option><\/select>\n\n            <div class='wform-btn-wrap'>\n                <input id='formsubmit' type='submit' value='Submit'\/>\n            <\/div>\n        <\/form>\n    <\/div>\n<\/div>\n\n<script>\n    var mndFileds=new Array('Potential Name','Contacts.First Name','Contacts.Last Name','Contacts.Phone','Contacts.Email','Description');\n    var fldLangVal=new Array('Nombre de la Empresa','Nombre','Apellidos','Tel\u00e9fono','Email','Descripci\u00f3n');\n\n    function removeError(fieldObj) {\n        var parent = fieldObj.closest('.wf-field');\n        var err = parent.querySelector('.wf-error-parent-ele');\n        if(err) err.remove();\n    }\n\n    function setError(fieldObj, label) {\n        var parent = fieldObj.closest('.wf-field');\n        if(!parent.querySelector('.wf-error-parent-ele')) {\n            var div = document.createElement('div');\n            div.className = 'wf-error-parent-ele';\n            div.innerHTML = \"<span class='wf-field-error'>\" + label + \"<\/span>\";\n            parent.appendChild(div);\n        }\n    }\n\n    function validateForm6429450000001299010() {\n        var isReturn = true;\n        var form = document.forms['BiginWebToRecordForm6429450000001299010'];\n        \n        for(i=0; i<mndFileds.length; i++) {\n            var fieldObj = form[mndFileds[i]];\n            if(fieldObj && fieldObj.value.replace(\/^\\s+|\\s+$\/g, '').length==0) {\n                setError(fieldObj, fldLangVal[i] + ' no puede estar vac\u00edo');\n                isReturn = false;\n            }\n        }\n\n        var emails = form.querySelectorAll('[ftype=email]');\n        for (var i = 0; i < emails.length; i++) {\n            var val = emails[i].value;\n            if (val !== '' && !val.match(\/^([A-Za-z0-9-._%'+\/]+@[A-Za-z0-9.-]+\\.[a-zA-Z]{2,22})$\/)) {\n                setError(emails[i], 'Email no v\u00e1lido');\n                isReturn = false;\n            }\n        }\n\n        if(isReturn) document.getElementById('formsubmit').disabled = true;\n        return isReturn;\n    }\n\n    document.getElementById('hidden6429450000001299010Frame').addEventListener('load', function () {\n        alert('Mensaje enviado correctamente.');\n        document.getElementById('BiginWebToRecordForm6429450000001299010').reset();\n        document.getElementById('formsubmit').disabled = false;\n    });\n<\/script>\t\t<\/div>\n\t\t\t\t<\/div>\n\t\t\t\t\t<\/div>\n\t\t\t\t<\/div>\n\t\t\t\t<\/div>\n\t\t","protected":false},"excerpt":{"rendered":"<p>\u00bfRecuerdas qui\u00e9n te dio tu primera oportunidad laboral? Hoy t\u00fa puedes ser ese motor de cambio para el talento tech latino. Conecta con personas profesionales junior expertas en IA, desarrollo y marketing digital listas para trabajar de forma remota. \u00a0 \u00a0 \u00bfQuieres contratar talento Tech junior? Comparte tu reto con nosotros D\u00e9janos tus datos y [&hellip;]<\/p>\n","protected":false},"author":1,"featured_media":0,"parent":0,"menu_order":0,"comment_status":"closed","ping_status":"closed","template":"","meta":{"_monsterinsights_skip_tracking":false,"_monsterinsights_sitenote_active":false,"_monsterinsights_sitenote_note":"","_monsterinsights_sitenote_category":0,"footnotes":""},"class_list":["post-1920","page","type-page","status-publish","hentry"],"_links":{"self":[{"href":"https:\/\/mail.disruptia.co\/en\/wp-json\/wp\/v2\/pages\/1920","targetHints":{"allow":["GET"]}}],"collection":[{"href":"https:\/\/mail.disruptia.co\/en\/wp-json\/wp\/v2\/pages"}],"about":[{"href":"https:\/\/mail.disruptia.co\/en\/wp-json\/wp\/v2\/types\/page"}],"author":[{"embeddable":true,"href":"https:\/\/mail.disruptia.co\/en\/wp-json\/wp\/v2\/users\/1"}],"replies":[{"embeddable":true,"href":"https:\/\/mail.disruptia.co\/en\/wp-json\/wp\/v2\/comments?post=1920"}],"version-history":[{"count":7,"href":"https:\/\/mail.disruptia.co\/en\/wp-json\/wp\/v2\/pages\/1920\/revisions"}],"predecessor-version":[{"id":1941,"href":"https:\/\/mail.disruptia.co\/en\/wp-json\/wp\/v2\/pages\/1920\/revisions\/1941"}],"wp:attachment":[{"href":"https:\/\/mail.disruptia.co\/en\/wp-json\/wp\/v2\/media?parent=1920"}],"curies":[{"name":"wp","href":"https:\/\/api.w.org\/{rel}","templated":true}]}}